{"id":114,"date":"2021-05-03T13:29:33","date_gmt":"2021-05-03T13:29:33","guid":{"rendered":"https:\/\/studio-proarte.pl\/?page_id=114"},"modified":"2025-07-16T11:46:49","modified_gmt":"2025-07-16T09:46:49","slug":"contact","status":"publish","type":"page","link":"https:\/\/studio-proarte.pl\/?page_id=114","title":{"rendered":"Contact"},"content":{"rendered":"\t\t<div data-elementor-type=\"wp-page\" data-elementor-id=\"114\" class=\"elementor elementor-114\">\n\t\t\t\t\t\t<section class=\"elementor-section elementor-top-section elementor-element elementor-element-4955350 elementor-section-boxed elementor-section-height-default elementor-section-height-default\" data-id=\"4955350\" data-element_type=\"section\" data-settings=\"{&quot;background_background&quot;:&quot;classic&quot;}\">\n\t\t\t\t\t\t\t<div class=\"elementor-background-overlay\"><\/div>\n\t\t\t\t\t\t\t<div class=\"elementor-container elementor-column-gap-no\">\n\t\t\t\t\t<div class=\"elementor-column elementor-col-100 elementor-top-column elementor-element elementor-element-589aaa5\" data-id=\"589aaa5\" data-element_type=\"column\">\n\t\t\t<div class=\"elementor-widget-wrap elementor-element-populated\">\n\t\t\t\t\t\t<div class=\"elementor-element elementor-element-37741e4 elementor-widget-divider--view-line elementor-widget elementor-widget-divider\" data-id=\"37741e4\" data-element_type=\"widget\" data-widget_type=\"divider.default\">\n\t\t\t\t<div class=\"elementor-widget-container\">\n\t\t\t\t\t\t\t<div class=\"elementor-divider\">\n\t\t\t<span class=\"elementor-divider-separator\">\n\t\t\t\t\t\t<\/span>\n\t\t<\/div>\n\t\t\t\t\t\t<\/div>\n\t\t\t\t<\/div>\n\t\t\t\t<div class=\"elementor-element elementor-element-ba92ffa elementor-widget elementor-widget-heading\" data-id=\"ba92ffa\" data-element_type=\"widget\" data-widget_type=\"heading.default\">\n\t\t\t\t<div class=\"elementor-widget-container\">\n\t\t\t\t\t<h1 class=\"elementor-heading-title elementor-size-default\">Kontakt<\/h1>\t\t\t\t<\/div>\n\t\t\t\t<\/div>\n\t\t\t\t\t<\/div>\n\t\t<\/div>\n\t\t\t\t\t<\/div>\n\t\t<\/section>\n\t\t\t\t<section class=\"elementor-section elementor-top-section elementor-element elementor-element-3c7492a elementor-section-content-top elementor-section-boxed elementor-section-height-default elementor-section-height-default\" data-id=\"3c7492a\" data-element_type=\"section\" data-settings=\"{&quot;background_background&quot;:&quot;classic&quot;}\">\n\t\t\t\t\t\t<div class=\"elementor-container elementor-column-gap-no\">\n\t\t\t\t\t<div class=\"elementor-column elementor-col-50 elementor-top-column elementor-element elementor-element-6b640f9\" data-id=\"6b640f9\" data-element_type=\"column\">\n\t\t\t<div class=\"elementor-widget-wrap elementor-element-populated\">\n\t\t\t\t\t\t<div class=\"elementor-element elementor-element-3f74cde elementor-widget elementor-widget-heading\" data-id=\"3f74cde\" data-element_type=\"widget\" data-widget_type=\"heading.default\">\n\t\t\t\t<div class=\"elementor-widget-container\">\n\t\t\t\t\t<h2 class=\"elementor-heading-title elementor-size-default\">Jestesmy po to \u017ceby Ci pom\u00f3c!<\/h2>\t\t\t\t<\/div>\n\t\t\t\t<\/div>\n\t\t\t\t<div class=\"elementor-element elementor-element-f47e966 elementor-icon-list--layout-traditional elementor-list-item-link-full_width elementor-widget elementor-widget-icon-list\" data-id=\"f47e966\" data-element_type=\"widget\" data-widget_type=\"icon-list.default\">\n\t\t\t\t<div class=\"elementor-widget-container\">\n\t\t\t\t\t\t\t<ul class=\"elementor-icon-list-items\">\n\t\t\t\t\t\t\t<li class=\"elementor-icon-list-item\">\n\t\t\t\t\t\t\t\t\t\t\t<span class=\"elementor-icon-list-icon\">\n\t\t\t\t\t\t\t<i aria-hidden=\"true\" class=\"fas fa-map-marker-alt\"><\/i>\t\t\t\t\t\t<\/span>\n\t\t\t\t\t\t\t\t\t\t<span class=\"elementor-icon-list-text\">ul. Konduktorska 4, lok. 1a, 00-775 Warszawa<\/span>\n\t\t\t\t\t\t\t\t\t<\/li>\n\t\t\t\t\t\t\t\t<li class=\"elementor-icon-list-item\">\n\t\t\t\t\t\t\t\t\t\t\t<span class=\"elementor-icon-list-icon\">\n\t\t\t\t\t\t\t<i aria-hidden=\"true\" class=\"fas fa-phone-alt\"><\/i>\t\t\t\t\t\t<\/span>\n\t\t\t\t\t\t\t\t\t\t<span class=\"elementor-icon-list-text\">+48 604 533 139<\/span>\n\t\t\t\t\t\t\t\t\t<\/li>\n\t\t\t\t\t\t<\/ul>\n\t\t\t\t\t\t<\/div>\n\t\t\t\t<\/div>\n\t\t\t\t<div class=\"elementor-element elementor-element-b65df85 e-grid-align-left elementor-shape-rounded elementor-grid-0 elementor-widget elementor-widget-social-icons\" data-id=\"b65df85\" data-element_type=\"widget\" data-widget_type=\"social-icons.default\">\n\t\t\t\t<div class=\"elementor-widget-container\">\n\t\t\t\t\t\t\t<div class=\"elementor-social-icons-wrapper elementor-grid\">\n\t\t\t\t\t\t\t<span class=\"elementor-grid-item\">\n\t\t\t\t\t<a class=\"elementor-icon elementor-social-icon elementor-social-icon-facebook elementor-repeater-item-cae9ab2\" href=\"https:\/\/www.facebook.com\/proarteworldcreativestudio\" target=\"_blank\">\n\t\t\t\t\t\t<span class=\"elementor-screen-only\">Facebook<\/span>\n\t\t\t\t\t\t<i class=\"fab fa-facebook\"><\/i>\t\t\t\t\t<\/a>\n\t\t\t\t<\/span>\n\t\t\t\t\t<\/div>\n\t\t\t\t\t\t<\/div>\n\t\t\t\t<\/div>\n\t\t\t\t\t<\/div>\n\t\t<\/div>\n\t\t\t\t<div class=\"elementor-column elementor-col-50 elementor-top-column elementor-element elementor-element-895ba1b\" data-id=\"895ba1b\" data-element_type=\"column\" data-settings=\"{&quot;background_background&quot;:&quot;classic&quot;}\">\n\t\t\t<div class=\"elementor-widget-wrap elementor-element-populated\">\n\t\t\t\t\t\t<div class=\"elementor-element elementor-element-fa9c76b elementor-widget elementor-widget-heading\" data-id=\"fa9c76b\" data-element_type=\"widget\" data-widget_type=\"heading.default\">\n\t\t\t\t<div class=\"elementor-widget-container\">\n\t\t\t\t\t<h3 class=\"elementor-heading-title elementor-size-default\">Wy\u015blij wiadomo\u015b\u0107<\/h3>\t\t\t\t<\/div>\n\t\t\t\t<\/div>\n\t\t\t\t<div class=\"elementor-element elementor-element-56424d1 elementor-widget elementor-widget-wpforms\" data-id=\"56424d1\" data-element_type=\"widget\" data-widget_type=\"wpforms.default\">\n\t\t\t\t<div class=\"elementor-widget-container\">\n\t\t\t\t\t<div class=\"wpforms-container \" id=\"wpforms-6\"><form id=\"wpforms-form-6\" class=\"wpforms-validate wpforms-form\" data-formid=\"6\" method=\"post\" enctype=\"multipart\/form-data\" action=\"\/index.php?rest_route=%2Fwp%2Fv2%2Fpages%2F114\" data-token=\"95de1e32ab7d86f218680b6ec029e764\" data-token-time=\"1776771346\"><noscript class=\"wpforms-error-noscript\">Aby wype\u0142ni\u0107 ten formularz, w\u0142\u0105cz obs\u0142ug\u0119 JavaScript w przegl\u0105darce.<\/noscript><div class=\"wpforms-field-container\"><div id=\"wpforms-6-field_0-container\" class=\"wpforms-field wpforms-field-name\" data-field-id=\"0\"><label class=\"wpforms-field-label\" for=\"wpforms-6-field_0\">Firma\/ Imi\u0119 Nazwisko <span class=\"wpforms-required-label\">*<\/span><\/label><input type=\"text\" id=\"wpforms-6-field_0\" class=\"wpforms-field-large wpforms-field-required\" name=\"wpforms[fields][0]\" required><\/div><div id=\"wpforms-6-field_1-container\" class=\"wpforms-field wpforms-field-email\" data-field-id=\"1\"><label class=\"wpforms-field-label\" for=\"wpforms-6-field_1\">Email <span class=\"wpforms-required-label\">*<\/span><\/label><input type=\"email\" id=\"wpforms-6-field_1\" class=\"wpforms-field-large wpforms-field-required\" name=\"wpforms[fields][1]\" spellcheck=\"false\" required><\/div><div id=\"wpforms-6-field_2-container\" class=\"wpforms-field wpforms-field-textarea\" data-field-id=\"2\"><label class=\"wpforms-field-label\" for=\"wpforms-6-field_2\">Twoja wiadomo\u015b\u0107 <span class=\"wpforms-required-label\">*<\/span><\/label><textarea id=\"wpforms-6-field_2\" class=\"wpforms-field-large wpforms-field-required\" name=\"wpforms[fields][2]\" required><\/textarea><\/div><div id=\"wpforms-6-field_4-container\" class=\"wpforms-field wpforms-field-checkbox\" data-field-id=\"4\"><label class=\"wpforms-field-label\">Zgoda na przetwarzanie danych <span class=\"wpforms-required-label\">*<\/span><\/label><ul id=\"wpforms-6-field_4\" class=\"wpforms-field-required\"><li class=\"choice-1 depth-1\"><input type=\"checkbox\" id=\"wpforms-6-field_4_1\" name=\"wpforms[fields][4][]\" value=\"Wyra\u017cam zgod\u0119 na przetwarzanie danych osobowych zgodnie z ustaw\u0105 o ochronie danych osobowych w zwi\u0105zku z wys\u0142aniem zapytania przez formularz kontaktowy.\" required ><label class=\"wpforms-field-label-inline\" for=\"wpforms-6-field_4_1\">Wyra\u017cam zgod\u0119 na przetwarzanie danych osobowych zgodnie z ustaw\u0105 o ochronie danych osobowych w zwi\u0105zku z wys\u0142aniem zapytania przez formularz kontaktowy.<\/label><\/li><\/ul><\/div><\/div><!-- .wpforms-field-container -->\r\n\t\t\t<script>\r\n\t\t\tif ( typeof huOptions !== 'undefined' ) {\r\n\t\t\t\tvar huFormData = {\"source\":\"wpforms\",\"id\":6,\"title\":\"Contact Form\",\"fields\":{\"subject\":{\"first_name\":\"\",\"last_name\":\"\"}}};\r\n\t\t\t\tvar huFormNode = document.querySelector( '[id=\"wpforms-6\"] form' );\r\n\r\n\t\t\t\tvar firstName = huFormNode.querySelector( 'input.wpforms-field-name-first' );\r\n\t\t\t\tvar lastName = huFormNode.querySelector( 'input.wpforms-field-name-last' );\r\n\r\n\t\t\t\tif ( firstName )\r\n\t\t\t\t\thuFormData['fields']['subject']['first_name'] = firstName.getAttribute( 'name' );\r\n\r\n\t\t\t\tif ( lastName )\r\n\t\t\t\t\thuFormData['fields']['subject']['last_name'] = lastName.getAttribute( 'name' );\r\n\r\n\t\t\t\thuFormData['node'] = huFormNode;\r\n\t\t\t\thuOptions['forms'].push( huFormData );\r\n\t\t\t}\r\n\t\t\t<\/script><div class=\"wpforms-submit-container\" ><input type=\"hidden\" name=\"wpforms[id]\" value=\"6\"><input type=\"hidden\" name=\"page_title\" value=\"\"><input type=\"hidden\" name=\"page_url\" value=\"https:\/\/studio-proarte.pl\/index.php?rest_route=\/wp\/v2\/pages\/114\"><input type=\"hidden\" name=\"url_referer\" value=\"\"><button type=\"submit\" name=\"wpforms[submit]\" id=\"wpforms-submit-6\" class=\"wpforms-submit\" data-alt-text=\"Wysy\u0142anie...\" data-submit-text=\"Wyslij \" aria-live=\"assertive\" value=\"wpforms-submit\">Wyslij <\/button><\/div><\/form><\/div>  <!-- .wpforms-container -->\t\t\t\t<\/div>\n\t\t\t\t<\/div>\n\t\t\t\t\t<\/div>\n\t\t<\/div>\n\t\t\t\t\t<\/div>\n\t\t<\/section>\n\t\t\t\t<section class=\"elementor-section elementor-top-section elementor-element elementor-element-ded0801 elementor-section-full_width elementor-section-height-default elementor-section-height-default\" data-id=\"ded0801\" data-element_type=\"section\">\n\t\t\t\t\t\t<div class=\"elementor-container elementor-column-gap-no\">\n\t\t\t\t\t<div class=\"elementor-column elementor-col-100 elementor-top-column elementor-element elementor-element-98e6f32\" data-id=\"98e6f32\" data-element_type=\"column\">\n\t\t\t<div class=\"elementor-widget-wrap elementor-element-populated\">\n\t\t\t\t\t\t<div class=\"elementor-element elementor-element-303b88e elementor-widget elementor-widget-google_maps\" data-id=\"303b88e\" data-element_type=\"widget\" data-widget_type=\"google_maps.default\">\n\t\t\t\t<div class=\"elementor-widget-container\">\n\t\t\t\t\t\t\t<div class=\"elementor-custom-embed\">\n\t\t\t<iframe loading=\"lazy\"\n\t\t\t\t\tsrc=\"https:\/\/maps.google.com\/maps?q=Konduktorska%204%2C%20Warszawa&#038;t=m&#038;z=16&#038;output=embed&#038;iwloc=near\"\n\t\t\t\t\ttitle=\"Konduktorska 4, Warszawa\"\n\t\t\t\t\taria-label=\"Konduktorska 4, Warszawa\"\n\t\t\t><\/iframe>\n\t\t<\/div>\n\t\t\t\t\t\t<\/div>\n\t\t\t\t<\/div>\n\t\t\t\t\t<\/div>\n\t\t<\/div>\n\t\t\t\t\t<\/div>\n\t\t<\/section>\n\t\t\t\t<\/div>\n\t\t","protected":false},"excerpt":{"rendered":"<p>Kontakt Jestesmy po to \u017ceby Ci pom\u00f3c! ul. Konduktorska 4, lok. 1a, 00-775 Warszawa +48 604 533 139 Facebook Wy\u015blij wiadomo\u015b\u0107 Aby wype\u0142ni\u0107 ten formularz, w\u0142\u0105cz obs\u0142ug\u0119 JavaScript w przegl\u0105darce.Firma\/ Imi\u0119 Nazwisko *Email *Twoja wiadomo\u015b\u0107 *Zgoda na przetwarzanie danych * Wyra\u017cam zgod\u0119 na przetwarzanie danych osobowych zgodnie z ustaw\u0105 o ochronie danych osobowych w zwi\u0105zku [&hellip;]<\/p>\n","protected":false},"author":1,"featured_media":0,"parent":0,"menu_order":0,"comment_status":"closed","ping_status":"closed","template":"","meta":{"site-sidebar-layout":"no-sidebar","site-content-layout":"page-builder","ast-site-content-layout":"default","site-content-style":"default","site-sidebar-style":"default","ast-global-header-display":"","ast-banner-title-visibility":"","ast-main-header-display":"","ast-hfb-above-header-display":"","ast-hfb-below-header-display":"","ast-hfb-mobile-header-display":"","site-post-title":"disabled","ast-breadcrumbs-content":"","ast-featured-img":"disabled","footer-sml-layout":"","ast-disable-related-posts":"","theme-transparent-header-meta":"enabled","adv-header-id-meta":"","stick-header-meta":"","header-above-stick-meta":"","header-main-stick-meta":"","header-below-stick-meta":"","astra-migrate-meta-layouts":"default","ast-page-background-enabled":"default","ast-page-background-meta":{"desktop":{"background-color":"","background-image":"","background-repeat":"repeat","background-position":"center center","background-size":"auto","background-attachment":"scroll","background-type":"","background-media":"","overlay-type":"","overlay-color":"","overlay-opacity":"","overlay-gradient":""},"tablet":{"background-color":"","background-image":"","background-repeat":"repeat","background-position":"center center","background-size":"auto","background-attachment":"scroll","background-type":"","background-media":"","overlay-type":"","overlay-color":"","overlay-opacity":"","overlay-gradient":""},"mobile":{"background-color":"","background-image":"","background-repeat":"repeat","background-position":"center center","background-size":"auto","background-attachment":"scroll","background-type":"","background-media":"","overlay-type":"","overlay-color":"","overlay-opacity":"","overlay-gradient":""}},"ast-content-background-meta":{"desktop":{"background-color":"var(--ast-global-color-5)","background-image":"","background-repeat":"repeat","background-position":"center center","background-size":"auto","background-attachment":"scroll","background-type":"","background-media":"","overlay-type":"","overlay-color":"","overlay-opacity":"","overlay-gradient":""},"tablet":{"background-color":"var(--ast-global-color-5)","background-image":"","background-repeat":"repeat","background-position":"center center","background-size":"auto","background-attachment":"scroll","background-type":"","background-media":"","overlay-type":"","overlay-color":"","overlay-opacity":"","overlay-gradient":""},"mobile":{"background-color":"var(--ast-global-color-5)","background-image":"","background-repeat":"repeat","background-position":"center center","background-size":"auto","background-attachment":"scroll","background-type":"","background-media":"","overlay-type":"","overlay-color":"","overlay-opacity":"","overlay-gradient":""}},"footnotes":""},"class_list":["post-114","page","type-page","status-publish","hentry"],"yoast_head":"<!-- This site is optimized with the Yoast SEO plugin v25.5 - https:\/\/yoast.com\/wordpress\/plugins\/seo\/ -->\n<title>Kontakt - proArte<\/title>\n<meta name=\"description\" content=\"studio graficzne, poligrafia, digital, us\u0142ugi,\" \/>\n<meta name=\"robots\" content=\"index, follow, max-snippet:-1, max-image-preview:large, max-video-preview:-1\" \/>\n<link rel=\"canonical\" href=\"https:\/\/studio-proarte.pl\/?page_id=114\" \/>\n<meta property=\"og:locale\" content=\"pl_PL\" \/>\n<meta property=\"og:type\" content=\"article\" \/>\n<meta property=\"og:title\" content=\"Kontakt - proArte\" \/>\n<meta property=\"og:description\" content=\"studio graficzne, poligrafia, digital, us\u0142ugi,\" \/>\n<meta property=\"og:url\" content=\"https:\/\/studio-proarte.pl\/?page_id=114\" \/>\n<meta property=\"og:site_name\" content=\"PROArte\" \/>\n<meta property=\"article:publisher\" content=\"https:\/\/www.facebook.com\/proarteworldcreativestudio\" \/>\n<meta property=\"article:modified_time\" content=\"2025-07-16T09:46:49+00:00\" \/>\n<meta name=\"twitter:card\" content=\"summary_large_image\" \/>\n<meta name=\"twitter:label1\" content=\"Szacowany czas czytania\" \/>\n\t<meta name=\"twitter:data1\" content=\"1 minuta\" \/>\n<script type=\"application\/ld+json\" class=\"yoast-schema-graph\">{\"@context\":\"https:\/\/schema.org\",\"@graph\":[{\"@type\":\"WebPage\",\"@id\":\"https:\/\/studio-proarte.pl\/?page_id=114\",\"url\":\"https:\/\/studio-proarte.pl\/?page_id=114\",\"name\":\"Kontakt - proArte\",\"isPartOf\":{\"@id\":\"https:\/\/studio-proarte.pl\/#website\"},\"datePublished\":\"2021-05-03T13:29:33+00:00\",\"dateModified\":\"2025-07-16T09:46:49+00:00\",\"description\":\"studio graficzne, poligrafia, digital, us\u0142ugi,\",\"breadcrumb\":{\"@id\":\"https:\/\/studio-proarte.pl\/?page_id=114#breadcrumb\"},\"inLanguage\":\"pl-PL\",\"potentialAction\":[{\"@type\":\"ReadAction\",\"target\":[\"https:\/\/studio-proarte.pl\/?page_id=114\"]}]},{\"@type\":\"BreadcrumbList\",\"@id\":\"https:\/\/studio-proarte.pl\/?page_id=114#breadcrumb\",\"itemListElement\":[{\"@type\":\"ListItem\",\"position\":1,\"name\":\"Strona g\u0142\u00f3wna\",\"item\":\"https:\/\/studio-proarte.pl\/\"},{\"@type\":\"ListItem\",\"position\":2,\"name\":\"Contact\"}]},{\"@type\":\"WebSite\",\"@id\":\"https:\/\/studio-proarte.pl\/#website\",\"url\":\"https:\/\/studio-proarte.pl\/\",\"name\":\"PROArte\",\"description\":\"Studio graficzne Warszawa\",\"publisher\":{\"@id\":\"https:\/\/studio-proarte.pl\/#organization\"},\"potentialAction\":[{\"@type\":\"SearchAction\",\"target\":{\"@type\":\"EntryPoint\",\"urlTemplate\":\"https:\/\/studio-proarte.pl\/?s={search_term_string}\"},\"query-input\":{\"@type\":\"PropertyValueSpecification\",\"valueRequired\":true,\"valueName\":\"search_term_string\"}}],\"inLanguage\":\"pl-PL\"},{\"@type\":\"Organization\",\"@id\":\"https:\/\/studio-proarte.pl\/#organization\",\"name\":\"Studio graficzne proArte\",\"url\":\"https:\/\/studio-proarte.pl\/\",\"logo\":{\"@type\":\"ImageObject\",\"inLanguage\":\"pl-PL\",\"@id\":\"https:\/\/studio-proarte.pl\/#\/schema\/logo\/image\/\",\"url\":\"https:\/\/studio-proarte.pl\/wp-content\/uploads\/2022\/02\/LOGO_ProArte-WCS_colour.png\",\"contentUrl\":\"https:\/\/studio-proarte.pl\/wp-content\/uploads\/2022\/02\/LOGO_ProArte-WCS_colour.png\",\"width\":2052,\"height\":784,\"caption\":\"Studio graficzne proArte\"},\"image\":{\"@id\":\"https:\/\/studio-proarte.pl\/#\/schema\/logo\/image\/\"},\"sameAs\":[\"https:\/\/www.facebook.com\/proarteworldcreativestudio\",\"https:\/\/www.instagram.com\/proarteworldcreativestudio\/\"]}]}<\/script>\n<!-- \/ Yoast SEO plugin. -->","yoast_head_json":{"title":"Kontakt - proArte","description":"studio graficzne, poligrafia, digital, us\u0142ugi,","robots":{"index":"index","follow":"follow","max-snippet":"max-snippet:-1","max-image-preview":"max-image-preview:large","max-video-preview":"max-video-preview:-1"},"canonical":"https:\/\/studio-proarte.pl\/?page_id=114","og_locale":"pl_PL","og_type":"article","og_title":"Kontakt - proArte","og_description":"studio graficzne, poligrafia, digital, us\u0142ugi,","og_url":"https:\/\/studio-proarte.pl\/?page_id=114","og_site_name":"PROArte","article_publisher":"https:\/\/www.facebook.com\/proarteworldcreativestudio","article_modified_time":"2025-07-16T09:46:49+00:00","twitter_card":"summary_large_image","twitter_misc":{"Szacowany czas czytania":"1 minuta"},"schema":{"@context":"https:\/\/schema.org","@graph":[{"@type":"WebPage","@id":"https:\/\/studio-proarte.pl\/?page_id=114","url":"https:\/\/studio-proarte.pl\/?page_id=114","name":"Kontakt - proArte","isPartOf":{"@id":"https:\/\/studio-proarte.pl\/#website"},"datePublished":"2021-05-03T13:29:33+00:00","dateModified":"2025-07-16T09:46:49+00:00","description":"studio graficzne, poligrafia, digital, us\u0142ugi,","breadcrumb":{"@id":"https:\/\/studio-proarte.pl\/?page_id=114#breadcrumb"},"inLanguage":"pl-PL","potentialAction":[{"@type":"ReadAction","target":["https:\/\/studio-proarte.pl\/?page_id=114"]}]},{"@type":"BreadcrumbList","@id":"https:\/\/studio-proarte.pl\/?page_id=114#breadcrumb","itemListElement":[{"@type":"ListItem","position":1,"name":"Strona g\u0142\u00f3wna","item":"https:\/\/studio-proarte.pl\/"},{"@type":"ListItem","position":2,"name":"Contact"}]},{"@type":"WebSite","@id":"https:\/\/studio-proarte.pl\/#website","url":"https:\/\/studio-proarte.pl\/","name":"PROArte","description":"Studio graficzne Warszawa","publisher":{"@id":"https:\/\/studio-proarte.pl\/#organization"},"potentialAction":[{"@type":"SearchAction","target":{"@type":"EntryPoint","urlTemplate":"https:\/\/studio-proarte.pl\/?s={search_term_string}"},"query-input":{"@type":"PropertyValueSpecification","valueRequired":true,"valueName":"search_term_string"}}],"inLanguage":"pl-PL"},{"@type":"Organization","@id":"https:\/\/studio-proarte.pl\/#organization","name":"Studio graficzne proArte","url":"https:\/\/studio-proarte.pl\/","logo":{"@type":"ImageObject","inLanguage":"pl-PL","@id":"https:\/\/studio-proarte.pl\/#\/schema\/logo\/image\/","url":"https:\/\/studio-proarte.pl\/wp-content\/uploads\/2022\/02\/LOGO_ProArte-WCS_colour.png","contentUrl":"https:\/\/studio-proarte.pl\/wp-content\/uploads\/2022\/02\/LOGO_ProArte-WCS_colour.png","width":2052,"height":784,"caption":"Studio graficzne proArte"},"image":{"@id":"https:\/\/studio-proarte.pl\/#\/schema\/logo\/image\/"},"sameAs":["https:\/\/www.facebook.com\/proarteworldcreativestudio","https:\/\/www.instagram.com\/proarteworldcreativestudio\/"]}]}},"_links":{"self":[{"href":"https:\/\/studio-proarte.pl\/index.php?rest_route=\/wp\/v2\/pages\/114","targetHints":{"allow":["GET"]}}],"collection":[{"href":"https:\/\/studio-proarte.pl\/index.php?rest_route=\/wp\/v2\/pages"}],"about":[{"href":"https:\/\/studio-proarte.pl\/index.php?rest_route=\/wp\/v2\/types\/page"}],"author":[{"embeddable":true,"href":"https:\/\/studio-proarte.pl\/index.php?rest_route=\/wp\/v2\/users\/1"}],"replies":[{"embeddable":true,"href":"https:\/\/studio-proarte.pl\/index.php?rest_route=%2Fwp%2Fv2%2Fcomments&post=114"}],"version-history":[{"count":16,"href":"https:\/\/studio-proarte.pl\/index.php?rest_route=\/wp\/v2\/pages\/114\/revisions"}],"predecessor-version":[{"id":904,"href":"https:\/\/studio-proarte.pl\/index.php?rest_route=\/wp\/v2\/pages\/114\/revisions\/904"}],"wp:attachment":[{"href":"https:\/\/studio-proarte.pl\/index.php?rest_route=%2Fwp%2Fv2%2Fmedia&parent=114"}],"curies":[{"name":"wp","href":"https:\/\/api.w.org\/{rel}","templated":true}]}}